{"id":5026,"date":"2022-04-05T10:27:48","date_gmt":"2022-04-05T08:27:48","guid":{"rendered":"https:\/\/www.montenegro-urlaub.com\/hotels\/"},"modified":"2023-02-20T14:25:48","modified_gmt":"2023-02-20T13:25:48","slug":"hotels","status":"publish","type":"page","link":"https:\/\/www.montenegro-urlaub.com\/en\/hotels\/","title":{"rendered":"Hotels for your vacation in Montenegro"},"content":{"rendered":"<div  class='flex_column av-83gmdl-ce2d8121474690eaa1c8aa563fb188f6 av_one_full  avia-builder-el-0  el_before_av_one_half  avia-builder-el-first  first flex_column_div  '     ><section  class='av_textblock_section av-l1lvp983-ee5522adc300ae7ce25dd2f63df937c7 '   itemscope=\"itemscope\" itemtype=\"https:\/\/schema.org\/CreativeWork\" ><div class='avia_textblock'  itemprop=\"text\" ><h2>Hotels in Montenegro<\/h2>\n<p>Are you looking for a hotel for your vacation or stay in Montenegro? Then we have listed a few offers from common providers for you here<\/p>\n<\/div><\/section><\/div><div  class='flex_column av-ijy3t-a1da51082e44f265c48850924714d297 av_one_half  avia-builder-el-2  el_after_av_one_full  el_before_av_one_half  first flex_column_div  column-top-margin'     ><\/div><\/p>\n<div  class='flex_column av-4kkai1-1a55d2d56a57bd64b67dc7c63ca2b9f2 av_one_half  avia-builder-el-3  el_after_av_one_half  el_before_av_one_full  flex_column_div  column-top-margin'     ><\/div>\n<div  class='flex_column av-2vssi1-1bc3be4217b48d85e8233f6fcc0cbd6b av_one_full  avia-builder-el-4  el_after_av_one_half  avia-builder-el-last  first flex_column_div  column-top-margin'     ><section  class='av_textblock_section av-l1lvr4mz-d9b58d1054cfb599a241a6d52ec89656 '   itemscope=\"itemscope\" itemtype=\"https:\/\/schema.org\/CreativeWork\" ><div class='avia_textblock'  itemprop=\"text\" ><div id=\"c24pp-package-iframe\" style=\"width: 100%;\" data-tid=\"montenegro-urlaubsseite\" data-forward-url=\"no\" data-region-id=\"923\" data-county-id=\"76\" data-location=\"Montenegro (Land)\"><\/div>\n<p><script src=\"https:\/\/files.check24.net\/widgets\/auto\/198150\/c24pp-package-iframe\/package-iframe.js\"><\/script><\/p>\n<\/div><\/section><\/div>\n","protected":false},"excerpt":{"rendered":"","protected":false},"author":1,"featured_media":0,"parent":0,"menu_order":0,"comment_status":"closed","ping_status":"closed","template":"","meta":{"footnotes":""},"class_list":["post-5026","page","type-page","status-publish","hentry"],"yoast_head":"<!-- This site is optimized with the Yoast SEO plugin v27.5 - https:\/\/yoast.com\/product\/yoast-seo-wordpress\/ -->\n<title>Hotels &amp; Apparments f\u00fcr Deinen Urlaub in Montenegro<\/title>\n<meta name=\"description\" content=\"Du suchst nach einem Hotel f\u00fcr Deinen Urlaub in Montenegro? Hier kannst Du Dir einen \u00dcberblick f\u00fcr Hotelaufenthalte verschaffen.\" \/>\n<meta name=\"robots\" content=\"index, follow, max-snippet:-1, max-image-preview:large, max-video-preview:-1\" \/>\n<link rel=\"canonical\" href=\"https:\/\/www.montenegro-urlaub.com\/en\/hotels\/\" \/>\n<meta property=\"og:locale\" content=\"en_US\" \/>\n<meta property=\"og:type\" content=\"article\" \/>\n<meta property=\"og:title\" content=\"Hotels &amp; Apparments f\u00fcr Deinen Urlaub in Montenegro\" \/>\n<meta property=\"og:description\" content=\"Du suchst nach einem Hotel f\u00fcr Deinen Urlaub in Montenegro? Hier kannst Du Dir einen \u00dcberblick f\u00fcr Hotelaufenthalte verschaffen.\" \/>\n<meta property=\"og:url\" content=\"https:\/\/www.montenegro-urlaub.com\/en\/hotels\/\" \/>\n<meta property=\"og:site_name\" content=\"Airbnb Gl\u00fccks-Griff Montenegro\" \/>\n<meta property=\"article:modified_time\" content=\"2023-02-20T13:25:48+00:00\" \/>\n<meta name=\"twitter:card\" content=\"summary_large_image\" \/>\n<meta name=\"twitter:label1\" content=\"Est. reading time\" \/>\n\t<meta name=\"twitter:data1\" content=\"2 minutes\" \/>\n<script type=\"application\/ld+json\" class=\"yoast-schema-graph\">{\"@context\":\"https:\\\/\\\/schema.org\",\"@graph\":[{\"@type\":\"WebPage\",\"@id\":\"https:\\\/\\\/www.montenegro-urlaub.com\\\/en\\\/hotels\\\/\",\"url\":\"https:\\\/\\\/www.montenegro-urlaub.com\\\/en\\\/hotels\\\/\",\"name\":\"Hotels & Apparments f\u00fcr Deinen Urlaub in Montenegro\",\"isPartOf\":{\"@id\":\"https:\\\/\\\/www.montenegro-urlaub.com\\\/#website\"},\"datePublished\":\"2022-04-05T08:27:48+00:00\",\"dateModified\":\"2023-02-20T13:25:48+00:00\",\"description\":\"Du suchst nach einem Hotel f\u00fcr Deinen Urlaub in Montenegro? Hier kannst Du Dir einen \u00dcberblick f\u00fcr Hotelaufenthalte verschaffen.\",\"breadcrumb\":{\"@id\":\"https:\\\/\\\/www.montenegro-urlaub.com\\\/en\\\/hotels\\\/#breadcrumb\"},\"inLanguage\":\"en-US\",\"potentialAction\":[{\"@type\":\"ReadAction\",\"target\":[\"https:\\\/\\\/www.montenegro-urlaub.com\\\/en\\\/hotels\\\/\"]}]},{\"@type\":\"BreadcrumbList\",\"@id\":\"https:\\\/\\\/www.montenegro-urlaub.com\\\/en\\\/hotels\\\/#breadcrumb\",\"itemListElement\":[{\"@type\":\"ListItem\",\"position\":1,\"name\":\"Startseite\",\"item\":\"https:\\\/\\\/www.montenegro-urlaub.com\\\/en\\\/homepage\\\/\"},{\"@type\":\"ListItem\",\"position\":2,\"name\":\"Hotels for your vacation in Montenegro\"}]},{\"@type\":\"WebSite\",\"@id\":\"https:\\\/\\\/www.montenegro-urlaub.com\\\/#website\",\"url\":\"https:\\\/\\\/www.montenegro-urlaub.com\\\/\",\"name\":\"Airbnb Montenegro\",\"description\":\"Infos, Airbnb &amp; mehr\",\"publisher\":{\"@id\":\"https:\\\/\\\/www.montenegro-urlaub.com\\\/#\\\/schema\\\/person\\\/5d528bb965d41bf0a8840dc4b390c3b5\"},\"potentialAction\":[{\"@type\":\"SearchAction\",\"target\":{\"@type\":\"EntryPoint\",\"urlTemplate\":\"https:\\\/\\\/www.montenegro-urlaub.com\\\/?s={search_term_string}\"},\"query-input\":{\"@type\":\"PropertyValueSpecification\",\"valueRequired\":true,\"valueName\":\"search_term_string\"}}],\"inLanguage\":\"en-US\"},{\"@type\":[\"Person\",\"Organization\"],\"@id\":\"https:\\\/\\\/www.montenegro-urlaub.com\\\/#\\\/schema\\\/person\\\/5d528bb965d41bf0a8840dc4b390c3b5\",\"name\":\"Montenegro Urlaub\",\"logo\":{\"@id\":\"https:\\\/\\\/www.montenegro-urlaub.com\\\/#\\\/schema\\\/person\\\/image\\\/\"},\"sameAs\":[\"http:\\\/\\\/www.montenegro-urlaub.com\"]}]}<\/script>\n<!-- \/ Yoast SEO plugin. -->","yoast_head_json":{"title":"Hotels & Apparments f\u00fcr Deinen Urlaub in Montenegro","description":"Du suchst nach einem Hotel f\u00fcr Deinen Urlaub in Montenegro? Hier kannst Du Dir einen \u00dcberblick f\u00fcr Hotelaufenthalte verschaffen.","robots":{"index":"index","follow":"follow","max-snippet":"max-snippet:-1","max-image-preview":"max-image-preview:large","max-video-preview":"max-video-preview:-1"},"canonical":"https:\/\/www.montenegro-urlaub.com\/en\/hotels\/","og_locale":"en_US","og_type":"article","og_title":"Hotels & Apparments f\u00fcr Deinen Urlaub in Montenegro","og_description":"Du suchst nach einem Hotel f\u00fcr Deinen Urlaub in Montenegro? Hier kannst Du Dir einen \u00dcberblick f\u00fcr Hotelaufenthalte verschaffen.","og_url":"https:\/\/www.montenegro-urlaub.com\/en\/hotels\/","og_site_name":"Airbnb Gl\u00fccks-Griff Montenegro","article_modified_time":"2023-02-20T13:25:48+00:00","twitter_card":"summary_large_image","twitter_misc":{"Est. reading time":"2 minutes"},"schema":{"@context":"https:\/\/schema.org","@graph":[{"@type":"WebPage","@id":"https:\/\/www.montenegro-urlaub.com\/en\/hotels\/","url":"https:\/\/www.montenegro-urlaub.com\/en\/hotels\/","name":"Hotels & Apparments f\u00fcr Deinen Urlaub in Montenegro","isPartOf":{"@id":"https:\/\/www.montenegro-urlaub.com\/#website"},"datePublished":"2022-04-05T08:27:48+00:00","dateModified":"2023-02-20T13:25:48+00:00","description":"Du suchst nach einem Hotel f\u00fcr Deinen Urlaub in Montenegro? Hier kannst Du Dir einen \u00dcberblick f\u00fcr Hotelaufenthalte verschaffen.","breadcrumb":{"@id":"https:\/\/www.montenegro-urlaub.com\/en\/hotels\/#breadcrumb"},"inLanguage":"en-US","potentialAction":[{"@type":"ReadAction","target":["https:\/\/www.montenegro-urlaub.com\/en\/hotels\/"]}]},{"@type":"BreadcrumbList","@id":"https:\/\/www.montenegro-urlaub.com\/en\/hotels\/#breadcrumb","itemListElement":[{"@type":"ListItem","position":1,"name":"Startseite","item":"https:\/\/www.montenegro-urlaub.com\/en\/homepage\/"},{"@type":"ListItem","position":2,"name":"Hotels for your vacation in Montenegro"}]},{"@type":"WebSite","@id":"https:\/\/www.montenegro-urlaub.com\/#website","url":"https:\/\/www.montenegro-urlaub.com\/","name":"Airbnb Montenegro","description":"Infos, Airbnb &amp; mehr","publisher":{"@id":"https:\/\/www.montenegro-urlaub.com\/#\/schema\/person\/5d528bb965d41bf0a8840dc4b390c3b5"},"potentialAction":[{"@type":"SearchAction","target":{"@type":"EntryPoint","urlTemplate":"https:\/\/www.montenegro-urlaub.com\/?s={search_term_string}"},"query-input":{"@type":"PropertyValueSpecification","valueRequired":true,"valueName":"search_term_string"}}],"inLanguage":"en-US"},{"@type":["Person","Organization"],"@id":"https:\/\/www.montenegro-urlaub.com\/#\/schema\/person\/5d528bb965d41bf0a8840dc4b390c3b5","name":"Montenegro Urlaub","logo":{"@id":"https:\/\/www.montenegro-urlaub.com\/#\/schema\/person\/image\/"},"sameAs":["http:\/\/www.montenegro-urlaub.com"]}]}},"_links":{"self":[{"href":"https:\/\/www.montenegro-urlaub.com\/en\/wp-json\/wp\/v2\/pages\/5026","targetHints":{"allow":["GET"]}}],"collection":[{"href":"https:\/\/www.montenegro-urlaub.com\/en\/wp-json\/wp\/v2\/pages"}],"about":[{"href":"https:\/\/www.montenegro-urlaub.com\/en\/wp-json\/wp\/v2\/types\/page"}],"author":[{"embeddable":true,"href":"https:\/\/www.montenegro-urlaub.com\/en\/wp-json\/wp\/v2\/users\/1"}],"replies":[{"embeddable":true,"href":"https:\/\/www.montenegro-urlaub.com\/en\/wp-json\/wp\/v2\/comments?post=5026"}],"version-history":[{"count":2,"href":"https:\/\/www.montenegro-urlaub.com\/en\/wp-json\/wp\/v2\/pages\/5026\/revisions"}],"predecessor-version":[{"id":5027,"href":"https:\/\/www.montenegro-urlaub.com\/en\/wp-json\/wp\/v2\/pages\/5026\/revisions\/5027"}],"wp:attachment":[{"href":"https:\/\/www.montenegro-urlaub.com\/en\/wp-json\/wp\/v2\/media?parent=5026"}],"curies":[{"name":"wp","href":"https:\/\/api.w.org\/{rel}","templated":true}]}}