{"id":9248,"date":"2024-10-07T16:01:56","date_gmt":"2024-10-07T14:01:56","guid":{"rendered":"https:\/\/www.montenegro-urlaub.com\/buljarica-beach-2\/"},"modified":"2025-07-10T13:28:51","modified_gmt":"2025-07-10T11:28:51","slug":"buljarica-beach-montenegro","status":"publish","type":"page","link":"https:\/\/www.montenegro-urlaub.com\/en\/buljarica-beach-montenegro\/","title":{"rendered":"BULJARICA BEACH"},"content":{"rendered":"<div  class='flex_column av-3u2i1e-c1b46b1953e16e010f6ac187ba74919c av_one_full  avia-builder-el-0  el_before_av_one_full  avia-builder-el-first  first flex_column_div  '     ><section  class='av_textblock_section av-39ieiq-8879205886f954079f65e3465d75f6c7 '   itemscope=\"itemscope\" itemtype=\"https:\/\/schema.org\/CreativeWork\" ><div class='avia_textblock'  itemprop=\"text\" ><h2>BULJARICA BEACH &#8211; the contrasting one in beautiful landscape &#8211; 4 km south of Petrovac <em>&#8220;Pla\u017ea Buljarica&#8221;<\/em><\/h2>\n<\/div><\/section><\/div><div  class='flex_column av-19u2qn-f8f8d811c83bdf59cc9fa908b9d2e3b9 av_one_full  avia-builder-el-2  el_after_av_one_full  el_before_av_one_half  first flex_column_div  column-top-margin'     ><section  class='av_textblock_section av-ankn2n-101f7bb4a26adbf38439a47995a53065 '   itemscope=\"itemscope\" itemtype=\"https:\/\/schema.org\/CreativeWork\" ><div class='avia_textblock'  itemprop=\"text\" ><p>Further east from Petrovac, <strong>Buljarica Beach<\/strong> stretches out between the Adriatic Sea, pine forests, olive groves and the mountain range. A swamp area nearby attracts many birds. A beautiful hike (about 4 km) leads from Petrovac through the Mediterranean landscape to this 2,4 km long pebble beach.<\/p>\n<p>During the holiday season the contrast between the two ends of Buljarica beach is quite apparent. At one end there is a buzzing beach scene around the bars and cafes, where you can also rent sunbeds and umbrellas. On the other part of the beach you can find a peaceful spot to relax and spread out your\u00a0 towel and take in the scenery. Here you will find also a nudist area.<\/p>\n<p>The beach is more pebbly as you head away from the crowds, but the backdrop is the same; a verdant plain bookmarked by impressive forested headlands. Beyond the fields the coast rises up to the ubiquitous mountains that define much of the Montenegro coast.<\/p>\n<p><strong>Ideal for nature lovers and those seeking tranquility.<\/strong><\/p>\n<div class=\"wp-block-image\"><\/div>\n<\/div><\/section><\/div><div  class='flex_column av-5gx17j-318cc4bcf5b8e50f7650945f3f91d384 av_one_half  avia-builder-el-4  el_after_av_one_full  el_before_av_one_half  first flex_column_div  column-top-margin'     ><style type=\"text\/css\" data-created_by=\"avia_inline_auto\" id=\"style-css-av-lipmnw9z-2a07dd57e7fa7e04e6216d91dc4a642b\">\n.iconbox.av-lipmnw9z-2a07dd57e7fa7e04e6216d91dc4a642b .iconbox_icon{\nborder:1px solid #7bb0e7;\n}\n<\/style>\n<article  class='iconbox iconbox_left av-lipmnw9z-2a07dd57e7fa7e04e6216d91dc4a642b  avia-builder-el-5  avia-builder-el-no-sibling '  itemscope=\"itemscope\" itemtype=\"https:\/\/schema.org\/CreativeWork\" ><div class=\"iconbox_content\"><header class=\"entry-content-header\" aria-label=\"Icon: advantages of the Buljarica beach\"><div class='iconbox_icon heading-color avia-iconfont avia-font-entypo-fontello' data-av_icon='\ue82b' data-av_iconfont='entypo-fontello'  ><\/div><h3 class='iconbox_content_title '  itemprop=\"headline\" >advantages of the Buljarica beach<\/h3><\/header><div class='iconbox_content_container '  itemprop=\"text\" ><ul>\n<li>long and quite beach<\/li>\n<li>beautiful and natural landscape<\/li>\n<li>enough parking places<\/li>\n<li>nudist area on the south part of the beach<\/li>\n<\/ul>\n<\/div><\/div><footer class=\"entry-footer\"><\/footer><\/article><\/div><div  class='flex_column av-3jqw5b-5b239f892835f13b4a30e48626b9f744 av_one_half  avia-builder-el-6  el_after_av_one_half  el_before_av_one_half  flex_column_div  column-top-margin'     ><style type=\"text\/css\" data-created_by=\"avia_inline_auto\" id=\"style-css-av-lipmo4dz-7017634cdb5866132c76834b37bcdd98\">\n.iconbox.av-lipmo4dz-7017634cdb5866132c76834b37bcdd98 .iconbox_icon{\nborder:1px solid #7bb0e7;\n}\n<\/style>\n<article  class='iconbox iconbox_left av-lipmo4dz-7017634cdb5866132c76834b37bcdd98  avia-builder-el-7  avia-builder-el-no-sibling '  itemscope=\"itemscope\" itemtype=\"https:\/\/schema.org\/CreativeWork\" ><div class=\"iconbox_content\"><header class=\"entry-content-header\" aria-label=\"Icon: disadvantages of the Buljarica beach\"><div class='iconbox_icon heading-color avia-iconfont avia-font-entypo-fontello' data-av_icon='\ue82c' data-av_iconfont='entypo-fontello'  ><\/div><h3 class='iconbox_content_title '  itemprop=\"headline\" >disadvantages of the Buljarica beach<\/h3><\/header><div class='iconbox_content_container '  itemprop=\"text\" ><ul>\n<li>no life guards (out of the season)<\/li>\n<li>pebble beach (better to bring shoes)<\/li>\n<li>full during the season (there are always many locl people as this beach is cheaper than the beaches near Budva)<\/li>\n<\/ul>\n<\/div><\/div><footer class=\"entry-footer\"><\/footer><\/article><\/div><div  class='flex_column av-2uxrdb-f211405c89ec98418173cb3cbe0cc73e av_one_half  avia-builder-el-8  el_after_av_one_half  el_before_av_hr  first flex_column_div  column-top-margin'     ><style type=\"text\/css\" data-created_by=\"avia_inline_auto\" id=\"style-css-av-lipmpa03-363b7ee3f807118b196a846cb43e6e1f\">\n.iconbox.av-lipmpa03-363b7ee3f807118b196a846cb43e6e1f .iconbox_icon{\nborder:1px solid #7bb0e7;\n}\n<\/style>\n<article  class='iconbox iconbox_left av-lipmpa03-363b7ee3f807118b196a846cb43e6e1f  avia-builder-el-9  avia-builder-el-no-sibling '  itemscope=\"itemscope\" itemtype=\"https:\/\/schema.org\/CreativeWork\" ><div class=\"iconbox_content\"><header class=\"entry-content-header\" aria-label=\"Icon: direction to Buljarica beach\"><div class='iconbox_icon heading-color avia-iconfont avia-font-entypo-fontello' data-av_icon='\ue841' data-av_iconfont='entypo-fontello'  ><\/div><h3 class='iconbox_content_title '  itemprop=\"headline\" >direction to Buljarica beach<\/h3><\/header><div class='iconbox_content_container '  itemprop=\"text\" ><p>It is about a 25-minute walk from Petrovac and about 10 minutes by car. Sufficient parking spaces are available near the beach.<\/p>\n<\/div><\/div><footer class=\"entry-footer\"><\/footer><\/article><\/div><div  class='hr av-4px0xb-297d01186d4c662011e67cce239a41a9 hr-default  avia-builder-el-10  el_after_av_one_half  el_before_av_gallery '><span class='hr-inner '><span class=\"hr-inner-style\"><\/span><\/span><\/div><\/p>\n\n<style type=\"text\/css\" data-created_by=\"avia_inline_auto\" id=\"style-css-av-4igw5b-dedd2245b9754e9c6866089db38f4108\">\n#top .avia-gallery.av-4igw5b-dedd2245b9754e9c6866089db38f4108 .avia-gallery-thumb a{\nwidth:20%;\n}\n<\/style>\n<div  class='avia-gallery av-4igw5b-dedd2245b9754e9c6866089db38f4108 avia_animate_when_visible  avia-builder-el-11  el_after_av_hr  el_before_av_hr  avia_lazyload avia-gallery-animate avia-gallery-1'  itemprop=\"image\" itemscope=\"itemscope\" itemtype=\"https:\/\/schema.org\/ImageObject\" ><meta itemprop=\"contentURL\" content=\"https:\/\/www.montenegro-urlaub.com\/en\/buljarica-beach-montenegro\/\"><div class='avia-gallery-thumb'><a href=\"https:\/\/www.montenegro-urlaub.com\/wp-content\/uploads\/buljarica-beach-1030x773.jpg\" data-srcset=\"https:\/\/www.montenegro-urlaub.com\/wp-content\/uploads\/buljarica-beach-1030x773.jpg 1030w, https:\/\/www.montenegro-urlaub.com\/wp-content\/uploads\/buljarica-beach-300x225.jpg 300w, https:\/\/www.montenegro-urlaub.com\/wp-content\/uploads\/buljarica-beach-768x576.jpg 768w, https:\/\/www.montenegro-urlaub.com\/wp-content\/uploads\/buljarica-beach-705x529.jpg 705w, https:\/\/www.montenegro-urlaub.com\/wp-content\/uploads\/buljarica-beach.jpg 1200w\" data-sizes=\"(max-width: 1030px) 100vw, 1030px\" data-rel='gallery-1' data-prev-img='https:\/\/www.montenegro-urlaub.com\/wp-content\/uploads\/buljarica-beach-495x400.jpg' class='first_thumb lightbox ' data-onclick='1' title='Buljarica Beach'  itemprop=\"thumbnailUrl\"  ><img decoding=\"async\" fetchpriority=\"high\" class=\"wp-image-4097 avia-img-lazy-loading-not-4097\"   src=\"https:\/\/www.montenegro-urlaub.com\/wp-content\/uploads\/buljarica-beach-495x400.jpg\" width=\"495\" height=\"400\"  title='Buljarica Beach' alt='' srcset=\"https:\/\/www.montenegro-urlaub.com\/wp-content\/uploads\/buljarica-beach-495x400.jpg 495w, https:\/\/www.montenegro-urlaub.com\/wp-content\/uploads\/buljarica-beach-845x684.jpg 845w\" sizes=\"(max-width: 495px) 100vw, 495px\" \/><div class='big-prev-fake'><img decoding=\"async\" loading=\"lazy\" class=\"wp-image-4097 avia-img-lazy-loading-4097\"  width=\"495\" height=\"400\" src=\"https:\/\/www.montenegro-urlaub.com\/wp-content\/uploads\/buljarica-beach-495x400.jpg\" title='Buljarica Beach' alt='' srcset=\"https:\/\/www.montenegro-urlaub.com\/wp-content\/uploads\/buljarica-beach-495x400.jpg 495w, https:\/\/www.montenegro-urlaub.com\/wp-content\/uploads\/buljarica-beach-845x684.jpg 845w\" sizes=\"auto, (max-width: 495px) 100vw, 495px\" \/><\/div><\/a><a href=\"https:\/\/www.montenegro-urlaub.com\/wp-content\/uploads\/buljarica-beach-03-1030x773.jpg\" data-srcset=\"https:\/\/www.montenegro-urlaub.com\/wp-content\/uploads\/buljarica-beach-03-1030x773.jpg 1030w, https:\/\/www.montenegro-urlaub.com\/wp-content\/uploads\/buljarica-beach-03-300x225.jpg 300w, https:\/\/www.montenegro-urlaub.com\/wp-content\/uploads\/buljarica-beach-03-768x576.jpg 768w, https:\/\/www.montenegro-urlaub.com\/wp-content\/uploads\/buljarica-beach-03-705x529.jpg 705w, https:\/\/www.montenegro-urlaub.com\/wp-content\/uploads\/buljarica-beach-03.jpg 1200w\" data-sizes=\"(max-width: 1030px) 100vw, 1030px\" data-rel='gallery-1' data-prev-img='https:\/\/www.montenegro-urlaub.com\/wp-content\/uploads\/buljarica-beach-03-495x400.jpg' class='lightbox ' data-onclick='2' title='Buljarica Beach'  itemprop=\"thumbnailUrl\"  ><img decoding=\"async\" fetchpriority=\"high\" class=\"wp-image-4099 avia-img-lazy-loading-not-4099\"   src=\"https:\/\/www.montenegro-urlaub.com\/wp-content\/uploads\/buljarica-beach-03-495x400.jpg\" width=\"495\" height=\"400\"  title='Buljarica Beach' alt='' srcset=\"https:\/\/www.montenegro-urlaub.com\/wp-content\/uploads\/buljarica-beach-03-495x400.jpg 495w, https:\/\/www.montenegro-urlaub.com\/wp-content\/uploads\/buljarica-beach-03-845x684.jpg 845w\" sizes=\"(max-width: 495px) 100vw, 495px\" \/><div class='big-prev-fake'><img decoding=\"async\" loading=\"lazy\" class=\"wp-image-4099 avia-img-lazy-loading-4099\"  width=\"495\" height=\"400\" src=\"https:\/\/www.montenegro-urlaub.com\/wp-content\/uploads\/buljarica-beach-03-495x400.jpg\" title='Buljarica Beach' alt='' srcset=\"https:\/\/www.montenegro-urlaub.com\/wp-content\/uploads\/buljarica-beach-03-495x400.jpg 495w, https:\/\/www.montenegro-urlaub.com\/wp-content\/uploads\/buljarica-beach-03-845x684.jpg 845w\" sizes=\"auto, (max-width: 495px) 100vw, 495px\" \/><\/div><\/a><a href=\"https:\/\/www.montenegro-urlaub.com\/wp-content\/uploads\/buljarica-beach-04-1030x773.jpg\" data-srcset=\"https:\/\/www.montenegro-urlaub.com\/wp-content\/uploads\/buljarica-beach-04-1030x773.jpg 1030w, https:\/\/www.montenegro-urlaub.com\/wp-content\/uploads\/buljarica-beach-04-300x225.jpg 300w, https:\/\/www.montenegro-urlaub.com\/wp-content\/uploads\/buljarica-beach-04-768x576.jpg 768w, https:\/\/www.montenegro-urlaub.com\/wp-content\/uploads\/buljarica-beach-04-705x529.jpg 705w, https:\/\/www.montenegro-urlaub.com\/wp-content\/uploads\/buljarica-beach-04.jpg 1200w\" data-sizes=\"(max-width: 1030px) 100vw, 1030px\" data-rel='gallery-1' data-prev-img='https:\/\/www.montenegro-urlaub.com\/wp-content\/uploads\/buljarica-beach-04-495x400.jpg' class='lightbox ' data-onclick='3' title='Buljarica Beach'  itemprop=\"thumbnailUrl\"  ><img decoding=\"async\" fetchpriority=\"high\" class=\"wp-image-4096 avia-img-lazy-loading-not-4096\"   src=\"https:\/\/www.montenegro-urlaub.com\/wp-content\/uploads\/buljarica-beach-04-495x400.jpg\" width=\"495\" height=\"400\"  title='Buljarica Beach' alt='' srcset=\"https:\/\/www.montenegro-urlaub.com\/wp-content\/uploads\/buljarica-beach-04-495x400.jpg 495w, https:\/\/www.montenegro-urlaub.com\/wp-content\/uploads\/buljarica-beach-04-845x684.jpg 845w\" sizes=\"(max-width: 495px) 100vw, 495px\" \/><div class='big-prev-fake'><img decoding=\"async\" loading=\"lazy\" class=\"wp-image-4096 avia-img-lazy-loading-4096\"  width=\"495\" height=\"400\" src=\"https:\/\/www.montenegro-urlaub.com\/wp-content\/uploads\/buljarica-beach-04-495x400.jpg\" title='Buljarica Beach' alt='' srcset=\"https:\/\/www.montenegro-urlaub.com\/wp-content\/uploads\/buljarica-beach-04-495x400.jpg 495w, https:\/\/www.montenegro-urlaub.com\/wp-content\/uploads\/buljarica-beach-04-845x684.jpg 845w\" sizes=\"auto, (max-width: 495px) 100vw, 495px\" \/><\/div><\/a><a href=\"https:\/\/www.montenegro-urlaub.com\/wp-content\/uploads\/buljarica-beach-02-1030x773.jpg\" data-srcset=\"https:\/\/www.montenegro-urlaub.com\/wp-content\/uploads\/buljarica-beach-02-1030x773.jpg 1030w, https:\/\/www.montenegro-urlaub.com\/wp-content\/uploads\/buljarica-beach-02-300x225.jpg 300w, https:\/\/www.montenegro-urlaub.com\/wp-content\/uploads\/buljarica-beach-02-768x576.jpg 768w, https:\/\/www.montenegro-urlaub.com\/wp-content\/uploads\/buljarica-beach-02-705x529.jpg 705w, https:\/\/www.montenegro-urlaub.com\/wp-content\/uploads\/buljarica-beach-02.jpg 1200w\" data-sizes=\"(max-width: 1030px) 100vw, 1030px\" data-rel='gallery-1' data-prev-img='https:\/\/www.montenegro-urlaub.com\/wp-content\/uploads\/buljarica-beach-02-495x400.jpg' class='lightbox ' data-onclick='4' title='Buljarica Beach'  itemprop=\"thumbnailUrl\"  ><img decoding=\"async\" fetchpriority=\"high\" class=\"wp-image-4098 avia-img-lazy-loading-not-4098\"   src=\"https:\/\/www.montenegro-urlaub.com\/wp-content\/uploads\/buljarica-beach-02-495x400.jpg\" width=\"495\" height=\"400\"  title='Buljarica Beach' alt='' srcset=\"https:\/\/www.montenegro-urlaub.com\/wp-content\/uploads\/buljarica-beach-02-495x400.jpg 495w, https:\/\/www.montenegro-urlaub.com\/wp-content\/uploads\/buljarica-beach-02-845x684.jpg 845w\" sizes=\"(max-width: 495px) 100vw, 495px\" \/><div class='big-prev-fake'><img decoding=\"async\" loading=\"lazy\" class=\"wp-image-4098 avia-img-lazy-loading-4098\"  width=\"495\" height=\"400\" src=\"https:\/\/www.montenegro-urlaub.com\/wp-content\/uploads\/buljarica-beach-02-495x400.jpg\" title='Buljarica Beach' alt='' srcset=\"https:\/\/www.montenegro-urlaub.com\/wp-content\/uploads\/buljarica-beach-02-495x400.jpg 495w, https:\/\/www.montenegro-urlaub.com\/wp-content\/uploads\/buljarica-beach-02-845x684.jpg 845w\" sizes=\"auto, (max-width: 495px) 100vw, 495px\" \/><\/div><\/a><\/div><\/div>\n<div  class='hr av-2e2z8f-17c640eafe9e5e50b18c083d3a7990bf hr-default  avia-builder-el-12  el_after_av_gallery  el_before_av_one_full '><span class='hr-inner '><span class=\"hr-inner-style\"><\/span><\/span><\/div>\n<div  class='flex_column av-59epj6-f9eb3c954fae3efaca6ef7ff0f0de675 av_one_full  avia-builder-el-13  el_after_av_hr  el_before_av_hr  first flex_column_div  '     ><div  class='avia-video av-l267n1md-f20749c51d4921d45ff7869a3dffe8d8 avia-video-16-9 av-no-preview-image avia-video-load-always av-lazyload-immediate av-lazyload-video-embed'  itemprop=\"video\" itemtype=\"https:\/\/schema.org\/VideoObject\"  data-original_url='https:\/\/youtu.be\/lB95vSMOUSw'><script type='text\/html' class='av-video-tmpl'><div hcb-fetch-image-from=\"https:\/\/youtu.be\/lB95vSMOUSw\" class='avia-iframe-wrap'><iframe loading=\"lazy\" title=\"Buljarica Beach in Montenegro\" width=\"1500\" height=\"844\" src=\"https:\/\/www.youtube.com\/embed\/lB95vSMOUSw?feature=oembed&autoplay=0&loop=0&controls=1&mute=0\" frameborder=\"0\" allow=\"accelerometer; autoplay; clipboard-write; encrypted-media; gyroscope; picture-in-picture\" allowfullscreen><\/iframe><\/div><\/script><div class='av-click-to-play-overlay'><div class=\"avia_playpause_icon\"><\/div><\/div><\/div><\/div>\n<div  class='hr av-33qren-d16459d800126a3b9be4b13a561d75a0 hr-default  avia-builder-el-15  el_after_av_one_full  el_before_av_heading '><span class='hr-inner '><span class=\"hr-inner-style\"><\/span><\/span><\/div>\n\n<style type=\"text\/css\" data-created_by=\"avia_inline_auto\" id=\"style-css-av-lirp9qal-076aece10f046a3228d08a5dbe5e7bf0\">\n#top .av-special-heading.av-lirp9qal-076aece10f046a3228d08a5dbe5e7bf0{\npadding-bottom:10px;\n}\nbody .av-special-heading.av-lirp9qal-076aece10f046a3228d08a5dbe5e7bf0 .av-special-heading-tag .heading-char{\nfont-size:25px;\n}\n.av-special-heading.av-lirp9qal-076aece10f046a3228d08a5dbe5e7bf0 .av-subheading{\nfont-size:15px;\n}\n<\/style>\n<div  class='av-special-heading av-lirp9qal-076aece10f046a3228d08a5dbe5e7bf0 av-special-heading-h3  avia-builder-el-16  el_after_av_hr  el_before_av_one_full '><h3 class='av-special-heading-tag '  itemprop=\"headline\"  >Beaches in Montenegro in one video<\/h3><div class=\"special-heading-border\"><div class=\"special-heading-inner-border\"><\/div><\/div><\/div>\n<div  class='flex_column av-2geb1e-381ba09289830d5c6681d3dad7769867 av_one_full  avia-builder-el-17  el_after_av_heading  el_before_av_hr  first flex_column_div  '     ><style type=\"text\/css\" data-created_by=\"avia_inline_auto\" id=\"style-css-av-l8onjnh3-14e4cc1d874d5e16c58786df167506db\">\n.avia-video.av-l8onjnh3-14e4cc1d874d5e16c58786df167506db{\nbackground-image:url(https:\/\/www.montenegro-urlaub.com\/wp-content\/uploads\/lucice-beach-495x400.jpg);\n}\n<\/style>\n<div  class='avia-video av-l8onjnh3-14e4cc1d874d5e16c58786df167506db avia-video-16-9 av-preview-image avia-video-load-always av-lazyload-immediate av-lazyload-video-embed'  itemprop=\"video\" itemtype=\"https:\/\/schema.org\/VideoObject\"  data-original_url='https:\/\/youtu.be\/ivVeQgIFBvM'><script type='text\/html' class='av-video-tmpl'><div hcb-fetch-image-from=\"https:\/\/youtu.be\/ivVeQgIFBvM\" class='avia-iframe-wrap'><iframe loading=\"lazy\" title=\"Top Beaches in Montenegro 2022\" width=\"1500\" height=\"844\" src=\"https:\/\/www.youtube.com\/embed\/ivVeQgIFBvM?feature=oembed&autoplay=0&loop=0&controls=1&mute=0\" frameborder=\"0\" allow=\"accelerometer; autoplay; clipboard-write; encrypted-media; gyroscope; picture-in-picture\" allowfullscreen><\/iframe><\/div><\/script><div class='av-click-to-play-overlay'><div class=\"avia_playpause_icon\"><\/div><\/div><\/div><\/div>\n<div  class='hr av-3jeub6-bca24f5362c9460ebc80d53e3d000ecf hr-default  avia-builder-el-19  el_after_av_one_full  el_before_av_hr '><span class='hr-inner '><span class=\"hr-inner-style\"><\/span><\/span><\/div>\n<div  class='hr av-31o4he-4e8a032d31be2ce0d9a92c9ae154ff27 hr-default  avia-builder-el-20  el_after_av_hr  el_before_av_textblock '><span class='hr-inner '><span class=\"hr-inner-style\"><\/span><\/span><\/div>\n<section  class='av_textblock_section av-l1da54wc-462bd073926ae121553ac54bf222e20c '   itemscope=\"itemscope\" itemtype=\"https:\/\/schema.org\/CreativeWork\" ><div class='avia_textblock'  itemprop=\"text\" ><p><iframe loading=\"lazy\" src=\"https:\/\/www.google.com\/maps\/d\/u\/0\/embed?mid=1vYhDJLIRkUwUkR8FVWO5W10ZO_CBwQmw&amp;ehbc=2E312F\" width=\"8000\" height=\"580\"><\/iframe><\/p>\n<\/div><\/section>\n<div  class='hr av-362axe-8c028599d49881847369ae18a34d626a hr-default  avia-builder-el-22  el_after_av_textblock  avia-builder-el-last '><span class='hr-inner '><span class=\"hr-inner-style\"><\/span><\/span><\/div>\n","protected":false},"excerpt":{"rendered":"","protected":false},"author":1,"featured_media":0,"parent":0,"menu_order":0,"comment_status":"closed","ping_status":"closed","template":"","meta":{"footnotes":""},"class_list":["post-9248","page","type-page","status-publish","hentry"],"yoast_head":"<!-- This site is optimized with the Yoast SEO plugin v27.2 - https:\/\/yoast.com\/product\/yoast-seo-wordpress\/ -->\n<title>BULJARICA BEACH - Jetzt hier entdecken!<\/title>\n<meta name=\"description\" content=\"Hier zeigen wir Dir die Str\u00e4nde Montenegro&#039;s. Es gibt sehr viele sch\u00f6ne Str\u00e4nde in Montenegro, vom Kieselstrand bis hin zum feinen Sandstrand.\" \/>\n<meta name=\"robots\" content=\"index, follow, max-snippet:-1, max-image-preview:large, max-video-preview:-1\" \/>\n<link rel=\"canonical\" href=\"https:\/\/www.montenegro-urlaub.com\/en\/buljarica-beach-montenegro\/\" \/>\n<meta property=\"og:locale\" content=\"en_US\" \/>\n<meta property=\"og:type\" content=\"article\" \/>\n<meta property=\"og:title\" content=\"BULJARICA BEACH - Jetzt hier entdecken!\" \/>\n<meta property=\"og:description\" content=\"Hier zeigen wir Dir die Str\u00e4nde Montenegro&#039;s. Es gibt sehr viele sch\u00f6ne Str\u00e4nde in Montenegro, vom Kieselstrand bis hin zum feinen Sandstrand.\" \/>\n<meta property=\"og:url\" content=\"https:\/\/www.montenegro-urlaub.com\/en\/buljarica-beach-montenegro\/\" \/>\n<meta property=\"og:site_name\" content=\"Airbnb Gl\u00fccks-Griff Montenegro\" \/>\n<meta property=\"article:modified_time\" content=\"2025-07-10T11:28:51+00:00\" \/>\n<meta name=\"twitter:card\" content=\"summary_large_image\" \/>\n<meta name=\"twitter:label1\" content=\"Est. reading time\" \/>\n\t<meta name=\"twitter:data1\" content=\"4 minutes\" \/>\n<script type=\"application\/ld+json\" class=\"yoast-schema-graph\">{\"@context\":\"https:\/\/schema.org\",\"@graph\":[{\"@type\":\"WebPage\",\"@id\":\"https:\/\/www.montenegro-urlaub.com\/en\/buljarica-beach-montenegro\/\",\"url\":\"https:\/\/www.montenegro-urlaub.com\/en\/buljarica-beach-montenegro\/\",\"name\":\"BULJARICA BEACH - Jetzt hier entdecken!\",\"isPartOf\":{\"@id\":\"https:\/\/www.montenegro-urlaub.com\/#website\"},\"datePublished\":\"2024-10-07T14:01:56+00:00\",\"dateModified\":\"2025-07-10T11:28:51+00:00\",\"description\":\"Hier zeigen wir Dir die Str\u00e4nde Montenegro's. Es gibt sehr viele sch\u00f6ne Str\u00e4nde in Montenegro, vom Kieselstrand bis hin zum feinen Sandstrand.\",\"breadcrumb\":{\"@id\":\"https:\/\/www.montenegro-urlaub.com\/en\/buljarica-beach-montenegro\/#breadcrumb\"},\"inLanguage\":\"en-US\",\"potentialAction\":[{\"@type\":\"ReadAction\",\"target\":[\"https:\/\/www.montenegro-urlaub.com\/en\/buljarica-beach-montenegro\/\"]}]},{\"@type\":\"BreadcrumbList\",\"@id\":\"https:\/\/www.montenegro-urlaub.com\/en\/buljarica-beach-montenegro\/#breadcrumb\",\"itemListElement\":[{\"@type\":\"ListItem\",\"position\":1,\"name\":\"Startseite\",\"item\":\"https:\/\/www.montenegro-urlaub.com\/en\/homepage\/\"},{\"@type\":\"ListItem\",\"position\":2,\"name\":\"BULJARICA BEACH\"}]},{\"@type\":\"WebSite\",\"@id\":\"https:\/\/www.montenegro-urlaub.com\/#website\",\"url\":\"https:\/\/www.montenegro-urlaub.com\/\",\"name\":\"Airbnb Montenegro\",\"description\":\"Infos, Airbnb &amp; mehr\",\"publisher\":{\"@id\":\"https:\/\/www.montenegro-urlaub.com\/#\/schema\/person\/5d528bb965d41bf0a8840dc4b390c3b5\"},\"potentialAction\":[{\"@type\":\"SearchAction\",\"target\":{\"@type\":\"EntryPoint\",\"urlTemplate\":\"https:\/\/www.montenegro-urlaub.com\/?s={search_term_string}\"},\"query-input\":{\"@type\":\"PropertyValueSpecification\",\"valueRequired\":true,\"valueName\":\"search_term_string\"}}],\"inLanguage\":\"en-US\"},{\"@type\":[\"Person\",\"Organization\"],\"@id\":\"https:\/\/www.montenegro-urlaub.com\/#\/schema\/person\/5d528bb965d41bf0a8840dc4b390c3b5\",\"name\":\"Montenegro Urlaub\",\"logo\":{\"@id\":\"https:\/\/www.montenegro-urlaub.com\/#\/schema\/person\/image\/\"},\"sameAs\":[\"http:\/\/www.montenegro-urlaub.com\"]}]}<\/script>\n<!-- \/ Yoast SEO plugin. -->","yoast_head_json":{"title":"BULJARICA BEACH - Jetzt hier entdecken!","description":"Hier zeigen wir Dir die Str\u00e4nde Montenegro's. Es gibt sehr viele sch\u00f6ne Str\u00e4nde in Montenegro, vom Kieselstrand bis hin zum feinen Sandstrand.","robots":{"index":"index","follow":"follow","max-snippet":"max-snippet:-1","max-image-preview":"max-image-preview:large","max-video-preview":"max-video-preview:-1"},"canonical":"https:\/\/www.montenegro-urlaub.com\/en\/buljarica-beach-montenegro\/","og_locale":"en_US","og_type":"article","og_title":"BULJARICA BEACH - Jetzt hier entdecken!","og_description":"Hier zeigen wir Dir die Str\u00e4nde Montenegro's. Es gibt sehr viele sch\u00f6ne Str\u00e4nde in Montenegro, vom Kieselstrand bis hin zum feinen Sandstrand.","og_url":"https:\/\/www.montenegro-urlaub.com\/en\/buljarica-beach-montenegro\/","og_site_name":"Airbnb Gl\u00fccks-Griff Montenegro","article_modified_time":"2025-07-10T11:28:51+00:00","twitter_card":"summary_large_image","twitter_misc":{"Est. reading time":"4 minutes"},"schema":{"@context":"https:\/\/schema.org","@graph":[{"@type":"WebPage","@id":"https:\/\/www.montenegro-urlaub.com\/en\/buljarica-beach-montenegro\/","url":"https:\/\/www.montenegro-urlaub.com\/en\/buljarica-beach-montenegro\/","name":"BULJARICA BEACH - Jetzt hier entdecken!","isPartOf":{"@id":"https:\/\/www.montenegro-urlaub.com\/#website"},"datePublished":"2024-10-07T14:01:56+00:00","dateModified":"2025-07-10T11:28:51+00:00","description":"Hier zeigen wir Dir die Str\u00e4nde Montenegro's. Es gibt sehr viele sch\u00f6ne Str\u00e4nde in Montenegro, vom Kieselstrand bis hin zum feinen Sandstrand.","breadcrumb":{"@id":"https:\/\/www.montenegro-urlaub.com\/en\/buljarica-beach-montenegro\/#breadcrumb"},"inLanguage":"en-US","potentialAction":[{"@type":"ReadAction","target":["https:\/\/www.montenegro-urlaub.com\/en\/buljarica-beach-montenegro\/"]}]},{"@type":"BreadcrumbList","@id":"https:\/\/www.montenegro-urlaub.com\/en\/buljarica-beach-montenegro\/#breadcrumb","itemListElement":[{"@type":"ListItem","position":1,"name":"Startseite","item":"https:\/\/www.montenegro-urlaub.com\/en\/homepage\/"},{"@type":"ListItem","position":2,"name":"BULJARICA BEACH"}]},{"@type":"WebSite","@id":"https:\/\/www.montenegro-urlaub.com\/#website","url":"https:\/\/www.montenegro-urlaub.com\/","name":"Airbnb Montenegro","description":"Infos, Airbnb &amp; mehr","publisher":{"@id":"https:\/\/www.montenegro-urlaub.com\/#\/schema\/person\/5d528bb965d41bf0a8840dc4b390c3b5"},"potentialAction":[{"@type":"SearchAction","target":{"@type":"EntryPoint","urlTemplate":"https:\/\/www.montenegro-urlaub.com\/?s={search_term_string}"},"query-input":{"@type":"PropertyValueSpecification","valueRequired":true,"valueName":"search_term_string"}}],"inLanguage":"en-US"},{"@type":["Person","Organization"],"@id":"https:\/\/www.montenegro-urlaub.com\/#\/schema\/person\/5d528bb965d41bf0a8840dc4b390c3b5","name":"Montenegro Urlaub","logo":{"@id":"https:\/\/www.montenegro-urlaub.com\/#\/schema\/person\/image\/"},"sameAs":["http:\/\/www.montenegro-urlaub.com"]}]}},"_links":{"self":[{"href":"https:\/\/www.montenegro-urlaub.com\/en\/wp-json\/wp\/v2\/pages\/9248","targetHints":{"allow":["GET"]}}],"collection":[{"href":"https:\/\/www.montenegro-urlaub.com\/en\/wp-json\/wp\/v2\/pages"}],"about":[{"href":"https:\/\/www.montenegro-urlaub.com\/en\/wp-json\/wp\/v2\/types\/page"}],"author":[{"embeddable":true,"href":"https:\/\/www.montenegro-urlaub.com\/en\/wp-json\/wp\/v2\/users\/1"}],"replies":[{"embeddable":true,"href":"https:\/\/www.montenegro-urlaub.com\/en\/wp-json\/wp\/v2\/comments?post=9248"}],"version-history":[{"count":2,"href":"https:\/\/www.montenegro-urlaub.com\/en\/wp-json\/wp\/v2\/pages\/9248\/revisions"}],"predecessor-version":[{"id":9249,"href":"https:\/\/www.montenegro-urlaub.com\/en\/wp-json\/wp\/v2\/pages\/9248\/revisions\/9249"}],"wp:attachment":[{"href":"https:\/\/www.montenegro-urlaub.com\/en\/wp-json\/wp\/v2\/media?parent=9248"}],"curies":[{"name":"wp","href":"https:\/\/api.w.org\/{rel}","templated":true}]}}